{"id":31,"date":"2023-09-27T19:26:42","date_gmt":"2023-09-27T17:26:42","guid":{"rendered":"https:\/\/smile-informatique.com\/?page_id=31"},"modified":"2024-11-14T12:13:41","modified_gmt":"2024-11-14T11:13:41","slug":"prestations-professionnelles","status":"publish","type":"page","link":"https:\/\/smile-informatique.com\/index.php\/prestations-professionnelles\/","title":{"rendered":"Espace professionnel :"},"content":{"rendered":"\n<h1 class=\"wp-block-heading\">Espace professionnel <\/h1>\n\n\n\n<p>L&#8217;informatique est un sujet majeur dans la vie d&#8217;une entreprise. <br><br>Aussi, Smile Informatique vous accompagne au quotidien pour fluidiser votre syst\u00e8me d&#8217;information, et vous permet d&#8217;optimiser son fonctionnement.<br>Nous pouvons \u00e9galement vous apporter des conseils sur la gestion de votre parc informatique, de vos donn\u00e9es ou de votre s\u00e9curit\u00e9.<\/p>\n\n\n\n<p><\/p>\n\n\n\n<div class=\"wp-block-group has-raft-bg-alt-background-color has-background is-layout-flow wp-container-core-group-is-layout-10d01144 wp-block-group-is-layout-flow\" style=\"margin-top:0px;margin-bottom:0px;padding-top:0px;padding-right:0px;padding-bottom:0px;padding-left:0px\">\n<div class=\"wp-block-group is-layout-constrained wp-block-group-is-layout-constrained\" style=\"padding-top:64px;padding-bottom:64px\">\n<h1 class=\"wp-block-heading has-text-align-center\">Prestations propos\u00e9es<\/h1>\n<\/div>\n<\/div>\n\n\n\n<div class=\"wp-block-group is-layout-constrained wp-block-group-is-layout-constrained\" style=\"padding-top:64px;padding-bottom:64px\">\n<div class=\"wp-block-query is-layout-constrained wp-block-query-is-layout-constrained\"><ul class=\"wp-block-post-template is-layout-flow wp-block-post-template-is-layout-flow\"><li class=\"wp-block-post post-1 post type-post status-publish format-standard hentry category-non-classe\"><\/li><\/ul>\n\n\n<div class=\"wp-block-group is-layout-flow wp-block-group-is-layout-flow\">\n<h2 class=\"wp-block-heading has-text-align-center\">Interventions spontan\u00e9es<\/h2>\n<\/div>\n\n\n\n<hr class=\"wp-block-separator has-alpha-channel-opacity is-style-default\"\/>\n\n\n\n<div style=\"height:30px\" aria-hidden=\"true\" class=\"wp-block-spacer\"><\/div>\n\n\n\n<figure class=\"wp-block-table is-style-stripes\"><table><tbody><tr><td>1 heure d&#8217;intervention pro<\/td><td class=\"has-text-align-right\" data-align=\"right\">70\u20ac HT<\/td><\/tr><tr><td>1\/2 heure d&#8217;intervention pro<\/td><td class=\"has-text-align-right\" data-align=\"right\">30\u20ac HT<\/td><\/tr><\/tbody><\/table><\/figure>\n\n\n\n<h3 class=\"wp-block-heading has-text-align-center\">Forfaits<\/h3>\n\n\n\n<h4 class=\"wp-block-heading has-text-align-center\">L&#8217;ensemble des forfaits vous donnent acc\u00e8s \u00e0 un cr\u00e9dit temps, que vous pouvez r\u00e9partir selon votre convenance (1h minimum d&#8217;intervention par d\u00e9placement)<\/h4>\n\n\n\n<hr class=\"wp-block-separator has-alpha-channel-opacity is-style-default\"\/>\n\n\n\n<div style=\"height:30px\" aria-hidden=\"true\" class=\"wp-block-spacer\"><\/div>\n\n\n\n<figure class=\"wp-block-table is-style-stripes\"><table><tbody><tr><td>Forfait 3H <\/td><td class=\"has-text-align-right\" data-align=\"right\">189\u20ac HT<\/td><\/tr><tr><td>Forfait 5H <\/td><td class=\"has-text-align-right\" data-align=\"right\">299\u20ac HT<\/td><\/tr><tr><td>Forfait 10H<\/td><td class=\"has-text-align-right\" data-align=\"right\">569\u20ac HT<\/td><\/tr><\/tbody><\/table><\/figure>\n\n\n\n<h3 class=\"wp-block-heading has-text-align-center\">Vari\u00e9t\u00e9 non exhaustive des interventions<\/h3>\n\n\n\n<hr class=\"wp-block-separator has-alpha-channel-opacity\"\/>\n\n\n\n<div style=\"height:30px\" aria-hidden=\"true\" class=\"wp-block-spacer\"><\/div>\n\n\n\n<figure class=\"wp-block-table is-style-stripes\"><table><tbody><tr><td class=\"has-text-align-center\" data-align=\"center\">Maintenance de poste informatique<\/td><\/tr><tr><td class=\"has-text-align-center\" data-align=\"center\">Installation nouveau mat\u00e9riel<\/td><\/tr><tr><td class=\"has-text-align-center\" data-align=\"center\">R\u00e9paration et administration des syst\u00e8mes (Windows, iOS, Linux. Client et serveur)<\/td><\/tr><tr><td class=\"has-text-align-center\" data-align=\"center\">Installation r\u00e9seau (Tirage de c\u00e2ble, pose de prises et goulottes, liaison du mat\u00e9riel)<\/td><\/tr><tr><td class=\"has-text-align-center\" data-align=\"center\">Configuration r\u00e9seau (Pose du mat\u00e9riel, administration des n\u0153uds r\u00e9seaux)<\/td><\/tr><tr><td class=\"has-text-align-center\" data-align=\"center\">Gestion de domaine<\/td><\/tr><tr><td class=\"has-text-align-center\" data-align=\"center\">Administration Office 365 business suite<\/td><\/tr><\/tbody><\/table><\/figure>\n\n\n<\/div>\n<\/div>\n","protected":false},"excerpt":{"rendered":"<p>Espace professionnel L&#8217;informatique est un sujet majeur dans la vie d&#8217;une entreprise. Aussi, Smile Informatique vous accompagne au quotidien pour fluidiser votre syst\u00e8me d&#8217;information, et vous permet d&#8217;optimiser son fonctionnement.Nous pouvons \u00e9galement vous apporter des conseils sur la gestion de votre parc informatique, de vos donn\u00e9es ou de votre s\u00e9curit\u00e9. Prestations propos\u00e9es<\/p>\n","protected":false},"author":1,"featured_media":0,"parent":0,"menu_order":0,"comment_status":"closed","ping_status":"closed","template":"","meta":{"footnotes":""},"class_list":["post-31","page","type-page","status-publish","hentry"],"_links":{"self":[{"href":"https:\/\/smile-informatique.com\/index.php\/wp-json\/wp\/v2\/pages\/31","targetHints":{"allow":["GET"]}}],"collection":[{"href":"https:\/\/smile-informatique.com\/index.php\/wp-json\/wp\/v2\/pages"}],"about":[{"href":"https:\/\/smile-informatique.com\/index.php\/wp-json\/wp\/v2\/types\/page"}],"author":[{"embeddable":true,"href":"https:\/\/smile-informatique.com\/index.php\/wp-json\/wp\/v2\/users\/1"}],"replies":[{"embeddable":true,"href":"https:\/\/smile-informatique.com\/index.php\/wp-json\/wp\/v2\/comments?post=31"}],"version-history":[{"count":12,"href":"https:\/\/smile-informatique.com\/index.php\/wp-json\/wp\/v2\/pages\/31\/revisions"}],"predecessor-version":[{"id":76,"href":"https:\/\/smile-informatique.com\/index.php\/wp-json\/wp\/v2\/pages\/31\/revisions\/76"}],"wp:attachment":[{"href":"https:\/\/smile-informatique.com\/index.php\/wp-json\/wp\/v2\/media?parent=31"}],"curies":[{"name":"wp","href":"https:\/\/api.w.org\/{rel}","templated":true}]}}